{"id":2165,"date":"2015-10-18T19:45:42","date_gmt":"2015-10-18T19:45:42","guid":{"rendered":"http:\/\/192.168.9.29\/Development\/TB\/?page_id=7"},"modified":"2015-10-19T11:46:43","modified_gmt":"2015-10-19T11:46:43","slug":"hulpverlening","status":"publish","type":"page","link":"https:\/\/noodhulputrecht.nl\/site\/hulpverlening\/","title":{"rendered":"Hulpverlening"},"content":{"rendered":"<div class=\"row\">\n<div class=\"span8\"><h2>Giften<\/h2>\n<p style=\"padding-right:30px;\">Stichting Noodhulp Utrecht verleent een financi\u00eble tegemoetkoming aan inwoners van de gemeente Utrecht die in geldnood zitten en met spoed hulp nodig hebben.<\/p>\n<figure class=\"frame thumbnail alignnone clearfix\"><img loading=\"lazy\" decoding=\"async\" class=\"alignnone size-full wp-image-2023\" alt=\"giften\" src=\"https:\/\/noodhulputrecht.nl\/site\/wp-content\/uploads\/2015\/10\/noodhulp_utrecht_menu_hulpverlening.jpg\" width=\"740\" height=\"477\" \/><\/figure>\n<p style=\"padding-right:30px;\">\n<h2>Onze doelgroep<\/h2>\n<p>Alleen inwoners die legaal in de gemeente Utrecht wonen, komen in aanmerking voor financi\u00eble steun van de Stichting Noodhulp Utrecht. Het gaat met name om mensen met een ziekte of handicap, (eenouder)gezinnen, mensen in de opvang, pati\u00ebnten uit de geestelijke gezondheidszorg, revalidatiepati\u00ebnten, personen uit de reclassering, dak- en thuisloze jongeren en jongeren in nood.<\/p><\/div>\n<div class=\"span4\"><h2>Onze hulp<\/h2>\n<p>Een aanvraag bij de Stichting Noodhulp Utrecht kan alleen door een hulpverlener of hulpverlenende instantie namens een cli\u00ebnt worden ingediend. <\/p>\n<p>De Stichting Noodhulp Utrecht biedt hulp in de vorm van eenmalige giften. Bedragen worden uitsluitend overgemaakt op rekening van (hulpverlenende) instanties, niet rechtstreeks aan de cli\u00ebnt zelf. De reden van aanvraag moet liggen in de sfeer van de tegemoetkoming in de noodzakelijke kosten van het bestaan en moet een spoedeisend karakter hebben. <\/p>\n<p>De Stichting kan een bijdrage verlenen voor onder andere: kosten in verband met ziekte, verzorging en scholing, aanschaf van noodzakelijke goederen en afbetaling van schulden (onder bepaalde voorwaarden). Bij schulden moet gedacht worden aan giften ter voorkoming van huisuitzettingen of afsluitingen van energie. De financi\u00eble steun dient te leiden tot een structurele oplossing van de (financi\u00eble) problemen van de cli\u00ebnt.<\/p>\n<div class=\"hr\"><\/div><!-- .hr (end) --><div class=\"spacer\"><\/div><!-- .spacer (end) -->\n<h2>Onze werkwijze<\/h2>\n<p>Geen enkele aanvraag is hetzelfde. Daarom is het beoordelen van de aanvragen maatwerk.<\/p>\n<p>Hulpverleners bellen altijd eerst met een hulpvraag naar de Stichting Noodhulp Utrecht en leggen de probleemcasus voor. Als de casus niet binnen de doelstelling van de stichting past, wordt er geen aanvraagformulier gestuurd en hoeft er dus ook geen besluit genomen te worden. Als de casus wel binnen de doelstelling past, kijkt de medewerker van Stichting Noodhulp Utrecht meteen of er eventueel voorliggende voorzieningen zijn die nog kunnen worden aangevraagd. Voldoet de casus aan de voorwaarden van de Stichting Noodhulp Utrecht, dan wordt een aanvraagformulier per mail toegezonden. Deze snelle en effici\u00ebnte werkwijze levert (tijd)winst op voor de aanvrager \u00e9n voor de Stichting Noodhulp Utrecht, met name ook voor de termijn waarin beslist kan worden. Een aanvraag die \u2019s ochtends geheel compleet binnenkomt, kan binnen 1 \u00e0 2 dagen betaald worden.<\/p>\n<p>De Stichting Noodhulp Utrecht hecht er aan te weten of de gift conform de gemaakte afspraken tussen hulpverlener en medewerker Stichting Noodhulp Utrecht is besteed. Daarom ontvangen wij graag nota\u2019s. De aanvrager\/hulpverlener blijft verantwoordelijk voor de juiste besteding van de gift.<\/p><\/div>\n<\/div><!-- .row (end) -->\n","protected":false},"excerpt":{"rendered":"","protected":false},"author":1,"featured_media":0,"parent":0,"menu_order":1,"comment_status":"closed","ping_status":"closed","template":"page-fullwidth.php","meta":{"_monsterinsights_skip_tracking":false,"_monsterinsights_sitenote_active":false,"_monsterinsights_sitenote_note":"","_monsterinsights_sitenote_category":0,"footnotes":""},"class_list":["post-2165","page","type-page","status-publish","hentry"],"_links":{"self":[{"href":"https:\/\/noodhulputrecht.nl\/site\/wp-json\/wp\/v2\/pages\/2165","targetHints":{"allow":["GET"]}}],"collection":[{"href":"https:\/\/noodhulputrecht.nl\/site\/wp-json\/wp\/v2\/pages"}],"about":[{"href":"https:\/\/noodhulputrecht.nl\/site\/wp-json\/wp\/v2\/types\/page"}],"author":[{"embeddable":true,"href":"https:\/\/noodhulputrecht.nl\/site\/wp-json\/wp\/v2\/users\/1"}],"replies":[{"embeddable":true,"href":"https:\/\/noodhulputrecht.nl\/site\/wp-json\/wp\/v2\/comments?post=2165"}],"version-history":[{"count":8,"href":"https:\/\/noodhulputrecht.nl\/site\/wp-json\/wp\/v2\/pages\/2165\/revisions"}],"predecessor-version":[{"id":2306,"href":"https:\/\/noodhulputrecht.nl\/site\/wp-json\/wp\/v2\/pages\/2165\/revisions\/2306"}],"wp:attachment":[{"href":"https:\/\/noodhulputrecht.nl\/site\/wp-json\/wp\/v2\/media?parent=2165"}],"curies":[{"name":"wp","href":"https:\/\/api.w.org\/{rel}","templated":true}]}}